{"id":185,"date":"2023-03-02T07:21:38","date_gmt":"2023-03-02T06:21:38","guid":{"rendered":"https:\/\/sp7pbc.pzk.pl\/?page_id=185"},"modified":"2023-03-02T07:23:23","modified_gmt":"2023-03-02T06:23:23","slug":"na-warsztacie","status":"publish","type":"page","link":"https:\/\/sp7pbc.pzk.pl\/?page_id=185","title":{"rendered":"Na Warsztacie"},"content":{"rendered":"\n<p>Dzia\u0142 po\u015bwi\u0119cony na konstrukcje wykonane przez koleg\u00f3w kr\u00f3tkofalowc\u00f3w<\/p>\n\n\n\n<hr class=\"wp-block-separator has-alpha-channel-opacity is-style-wide\"\/>\n","protected":false},"excerpt":{"rendered":"<p>Dzia\u0142 po\u015bwi\u0119cony na konstrukcje wykonane przez koleg\u00f3w kr\u00f3tkofalowc\u00f3w<\/p>\n","protected":false},"author":1,"featured_media":0,"parent":0,"menu_order":0,"comment_status":"closed","ping_status":"closed","template":"","meta":[],"_links":{"self":[{"href":"https:\/\/sp7pbc.pzk.pl\/index.php?rest_route=\/wp\/v2\/pages\/185"}],"collection":[{"href":"https:\/\/sp7pbc.pzk.pl\/index.php?rest_route=\/wp\/v2\/pages"}],"about":[{"href":"https:\/\/sp7pbc.pzk.pl\/index.php?rest_route=\/wp\/v2\/types\/page"}],"author":[{"embeddable":true,"href":"https:\/\/sp7pbc.pzk.pl\/index.php?rest_route=\/wp\/v2\/users\/1"}],"replies":[{"embeddable":true,"href":"https:\/\/sp7pbc.pzk.pl\/index.php?rest_route=%2Fwp%2Fv2%2Fcomments&post=185"}],"version-history":[{"count":3,"href":"https:\/\/sp7pbc.pzk.pl\/index.php?rest_route=\/wp\/v2\/pages\/185\/revisions"}],"predecessor-version":[{"id":193,"href":"https:\/\/sp7pbc.pzk.pl\/index.php?rest_route=\/wp\/v2\/pages\/185\/revisions\/193"}],"wp:attachment":[{"href":"https:\/\/sp7pbc.pzk.pl\/index.php?rest_route=%2Fwp%2Fv2%2Fmedia&parent=185"}],"curies":[{"name":"wp","href":"https:\/\/api.w.org\/{rel}","templated":true}]}}