{"id":330,"date":"2025-02-01T19:40:05","date_gmt":"2025-02-01T18:40:05","guid":{"rendered":"https:\/\/sp7pbc.pzk.pl\/?page_id=330"},"modified":"2025-02-01T19:41:33","modified_gmt":"2025-02-01T18:41:33","slug":"kodeks-krotkofalowca","status":"publish","type":"page","link":"https:\/\/sp7pbc.pzk.pl\/?page_id=330","title":{"rendered":"Kodeks Kr\u00f3tkofalowca"},"content":{"rendered":"\n<h3><strong>Wprowadzony przez Walny Zjazd PZK w 1957 roku.<\/strong><\/h3>\n\n\n\n<p>\u200b<\/p>\n\n\n\n<ul>\n<li>Kr\u00f3tkofalowiec jest patriot\u0105. Jest zawsze gotowy s\u0142u\u017cy\u0107 sw\u0105 wiedz\u0105 i sprz\u0119tem krajowi i spo\u0142ecze\u0144stwu.<\/li>\n\n\n\n<li>Kr\u00f3tkofalowiec jest post\u0119powy. Utrzymuje sw\u0105 radiostacje na szczytowym poziomie wsp\u00f3\u0142czesnej wiedzy technicznej, korzystaj\u0105c z niej sprawnie i zgodnie z przyj\u0119tymi zwyczajami.<\/li>\n\n\n\n<li>Kr\u00f3tkofalowiec jest zr\u00f3wnowa\u017cony. Mimo \u017ce kr\u00f3tkofalarstwo jest jego pasj\u0105, nigdy nie pozwala, aby kolidowa\u0142o z jego obowi\u0105zkami wobec domu, zawodu, szko\u0142y i spo\u0142eczno\u015bci.<\/li>\n\n\n\n<li>Kr\u00f3tkofalowiec jest kole\u017ce\u0144ski.<\/li>\n\n\n\n<li>Nadawanie tempem dostosowanym do \u017cyczenia korespondenta, \u017cyczliwa rada dla pocz\u0105tkuj\u0105cego, pomoc i wyrozumia\u0142o\u015b\u0107 dla radios\u0142uchacza \u2013 oto znamiona ducha amatorskiego.<\/li>\n\n\n\n<li>Kr\u00f3tkofalowiec jest d\u017centelme\u0144ski. Nigdy \u015bwiadomie nie u\u017cywa eteru dla swojej rozrywki w spos\u00f3b utrudniaj\u0105cy innym amatorom prowadzenie korespondencji.<\/li>\n\n\n\n<li>Kr\u00f3tkofalowiec jest lojalny wobec swego stowarzyszenia. Zawdzi\u0119czaj\u0105c mu mo\u017cno\u015b\u0107 uprawiania kr\u00f3tkofalarstwa, wk\u0142adem swej pracy przyczynia si\u0119 do dalszego rozwoju Polskiego Zwi\u0105zku Kr\u00f3tkofalowc\u00f3w.<\/li>\n<\/ul>\n\n\n\n<h3>\u200b<\/h3>\n\n\n\n<h3><strong>Kilka przykaza\u0144 kr\u00f3tkofalowca.<\/strong><\/h3>\n\n\n\n<p>\u200b<\/p>\n\n\n\n<ul>\n<li>Zanim za\u0142\u0105czysz nadajnik, pos\u0142uchaj czy na tej cz\u0119stotliwo\u015bci nie pracuje ju\u017c inny radioamator. Je\u015bli s\u0142yszysz stacj\u0119 amatorsk\u0105 na tej cz\u0119stotliwo\u015bci, powstrzymaj si\u0119 od nadawania tak d\u0142ugo, dop\u00f3ki b\u0119dziesz pewien, \u017ce nie spowodujesz zak\u0142\u00f3ce\u0144. Mo\u017cesz przestroi\u0107 si\u0119 na inn\u0105, woln\u0105 cz\u0119stotliwo\u015b\u0107.<\/li>\n\n\n\n<li>Zwracaj uwag\u0119 na dok\u0142adne wstrajanie si\u0119 w cz\u0119stotliwo\u015b\u0107 pracy korespondenta, je\u015bli chcesz z nim pracowa\u0107.<\/li>\n\n\n\n<li>Je\u015bli tego nie uczynisz, korespondent mo\u017ce si\u0119 zgubi\u0107 i \u0142\u0105czno\u015b\u0107 nie b\u0119dzie nawi\u0105zana lub zostanie przerwana.<\/li>\n\n\n\n<li>Dok\u0142adne dostrojenie powoduje ponadto zmniejszenie szeroko\u015bci zajmowanego kana\u0142u, a tym samym zak\u0142\u00f3ce\u0144 na pa\u015bmie.<\/li>\n\n\n\n<li>Zawsze dostosuj tempo swojego nadawania do tempa nadawania korespondenta. Odpowiadaj korespondentowi zawsze z tak\u0105 szybko\u015bci\u0105, jak\u0105 on nadaje CQ lub z jak\u0105 zg\u0142osi\u0142 si\u0119 na Twoje CQ. Je\u015bli chcesz pracowa\u0107 w szybszym tempie, zaproponuj korespondentowi \u201epse QRQ\u201d.<\/li>\n\n\n\n<li>Nie nadawaj s\u0142\u00f3w dwukrotnie, je\u015bli nie jest to konieczne, poczekaj, a\u017c Tw\u00f3j korespondent Ci\u0119 o to poprosi.<\/li>\n\n\n\n<li>Tylko raport, QTH i imi\u0119 nale\u017cy powtarza\u0107 2 lub 3 razy.<\/li>\n\n\n\n<li>Zwr\u00f3\u0107 uwag\u0119, czy QSO przeprowadzone by\u0142o na \u201eTwojej\u201d cz\u0119stotliwo\u015bci. Je\u015bli nie, to do prowadzenia nast\u0119pnej \u0142\u0105czno\u015bci wybierz inn\u0105, woln\u0105 cz\u0119stotliwo\u015b\u0107. Zasada ta obowi\u0105zuje tak\u017ce podczas zawod\u00f3w.<\/li>\n\n\n\n<li>Po zako\u0144czeniu \u0142\u0105czno\u015bci na \u201eTwojej\u201d cz\u0119stotliwo\u015bci nigdy nie wo\u0142aj bezpo\u015brednio po SK od razu CQ, lecz poczekaj chwil\u0119 i pos\u0142uchaj, by\u0107 mo\u017ce kto\u015b pragnie nawi\u0105za\u0107 z Tob\u0105 \u0142\u0105czno\u015b\u0107.<\/li>\n\n\n\n<li>Raporty podawaj zawsze rzetelnie. Nie nale\u017cy si\u0119 sugerowa\u0107 chwilowym dobrym odbiorem, lecz poda\u0107 \u015bredni\u0105 odbioru.<\/li>\n\n\n\n<li>Przed rozpocz\u0119ciem pracy b\u0105d\u017a przygotowany do podania stanu pogody, gdy\u017c Tw\u00f3j korespondent mo\u017ce Ci\u0119 o to poprosi\u0107.<\/li>\n\n\n\n<li>Zaleca si\u0119 przeprowadzenie pr\u00f3by nadawania za pomoc\u0105 sztucznej anteny. Je\u015bli jest to mo\u017cliwe, nale\u017cy nada\u0107 \u201eTEST\u201d i w\u0142asny znak wywo\u0142awczy.<\/li>\n\n\n\n<li>W czasie \u0142\u0105czno\u015bci u\u017cywaj wielu s\u0142\u00f3w grzeczno\u015bciowych, mi\u0142ych, staraj si\u0119 z \u0142\u0105czno\u015bci uczyni\u0107 mi\u0142\u0105 rozmow\u0119, wprowadzi\u0107 kole\u017ce\u0144ski nastr\u00f3j.<\/li>\n\n\n\n<li>W \u017cadnym przypadku nie wolno Ci si\u0119 zg\u0142asza\u0107 na wywo\u0142anie DX-owe, je\u015bli dla wo\u0142aj\u0105cego nie jeste\u015b stacj\u0105 DX-ow\u0105.<\/li>\n\n\n\n<li>Nadawanie rozpocznij od \u015bredniego poziomu mocy wyj\u015bciowej, kt\u00f3r\u0105 w zale\u017cno\u015bci od potrzeb mo\u017cna p\u00f3\u017aniej skorygowa\u0107.<\/li>\n\n\n\n<li>Bardzo ch\u0119tnie widziany jest do prowadzenia \u0142\u0105czno\u015bci poziom mocy wyj\u015bciowej QRP (max. 5 W), \u015bwiadcz\u0105cy o du\u017cym zaanga\u017cowaniu operatorskim i technicznym.<\/li>\n<\/ul>\n","protected":false},"excerpt":{"rendered":"<p>Wprowadzony przez Walny Zjazd PZK w 1957 roku. \u200b \u200b Kilka przykaza\u0144 kr\u00f3tkofalowca. \u200b<\/p>\n","protected":false},"author":1,"featured_media":0,"parent":0,"menu_order":0,"comment_status":"closed","ping_status":"closed","template":"","meta":[],"_links":{"self":[{"href":"https:\/\/sp7pbc.pzk.pl\/index.php?rest_route=\/wp\/v2\/pages\/330"}],"collection":[{"href":"https:\/\/sp7pbc.pzk.pl\/index.php?rest_route=\/wp\/v2\/pages"}],"about":[{"href":"https:\/\/sp7pbc.pzk.pl\/index.php?rest_route=\/wp\/v2\/types\/page"}],"author":[{"embeddable":true,"href":"https:\/\/sp7pbc.pzk.pl\/index.php?rest_route=\/wp\/v2\/users\/1"}],"replies":[{"embeddable":true,"href":"https:\/\/sp7pbc.pzk.pl\/index.php?rest_route=%2Fwp%2Fv2%2Fcomments&post=330"}],"version-history":[{"count":2,"href":"https:\/\/sp7pbc.pzk.pl\/index.php?rest_route=\/wp\/v2\/pages\/330\/revisions"}],"predecessor-version":[{"id":334,"href":"https:\/\/sp7pbc.pzk.pl\/index.php?rest_route=\/wp\/v2\/pages\/330\/revisions\/334"}],"wp:attachment":[{"href":"https:\/\/sp7pbc.pzk.pl\/index.php?rest_route=%2Fwp%2Fv2%2Fmedia&parent=330"}],"curies":[{"name":"wp","href":"https:\/\/api.w.org\/{rel}","templated":true}]}}