{"id":361,"date":"2025-02-02T19:30:31","date_gmt":"2025-02-02T18:30:31","guid":{"rendered":"https:\/\/sp7pbc.pzk.pl\/?page_id=361"},"modified":"2025-02-02T19:35:00","modified_gmt":"2025-02-02T18:35:00","slug":"regulamin-klubu","status":"publish","type":"page","link":"https:\/\/sp7pbc.pzk.pl\/?page_id=361","title":{"rendered":"Regulamin Klubu"},"content":{"rendered":"\n<p class=\"has-text-align-left\"><br>\u00a7 1 Postanowienia og\u00f3lne<br>Nazwa klubu: Skierniewicki Klub Kr\u00f3tkofalowc\u00f3w SP7PBC.<br>Znak wywo\u0142awczy: SP7PBC.<br>Klub dzia\u0142a w ramach i oparciu o statut Polskiego Zwi\u0105zku Kr\u00f3tkofalowc\u00f3w.<br>Siedzib\u0105 Klubu jest siedziba 24 Oddzia\u0142u Terenowego Polskiego Zwi\u0105zku Kr\u00f3tkofalowc\u00f3w znajduj\u0105c\u0105 si\u0119 w Skierniewicach przy ul. K.P. Tetmajera 5\/47.<br>Klub jest organizacj\u0105 radioamator\u00f3w, hobbyst\u00f3w, dzia\u0142aj\u0105cych i zainteresowanych wykorzystaniem fal radiowych w spos\u00f3b przewidziany dla s\u0142u\u017cby radiokomunikacyjnej amatorskiej oraz zgodnie z przepisami dotycz\u0105cymi innych og\u00f3lnodost\u0119pnych pasm radiowych.<br>Klub u\u017cywa znak\u00f3w, symboli, loga i nazw klubu w formie ustalonej przez Zarz\u0105d Klubu.<br>Klub opiera sw\u0105 dzia\u0142alno\u015b\u0107 na spo\u0142ecznej pracy swoich cz\u0142onk\u00f3w.<br>Dzia\u0142alno\u015bci\u0105 Klubu kieruj\u0105: Zarz\u0105d Klubu sk\u0142adaj\u0105cy si\u0119 z Prezesa i Operator\u00f3w stacji klubowej, zwanym dalej Zarz\u0105dem Klubu. Cz\u0142onkowie Zarz\u0105du Klubu musz\u0105 by\u0107 cz\u0142onkami Polskiego Zwi\u0105zku kr\u00f3tkofalowc\u00f3w. Zarz\u0105d Klubu wybierany jest co 5 lat.<br>Zarz\u0105d Klubu ze swojego grona wybiera osob\u0119 odpowiedzialn\u0105 za reprezentowanie Klubu na zewn\u0105trz.<br>Dzia\u0142alno\u015b\u0107 Klubu opiera si\u0119 na dobrowolnej aktywno\u015bci spo\u0142ecznej, prowadzonej dla realizacji okre\u015blonych w \u00a72 za\u0142o\u017ce\u0144 i cel\u00f3w.<br>\u00a7 2 Cele dzia\u0142alno\u015bci<br>Integrowanie \u015brodowisk radiowych.<br>Aktywna praca operatorska na pasmach amatorskich oraz praca w zawodach krajowych i mi\u0119dzynarodowych pod przyznanym znakiem wywo\u0142awczym.<br>Propagowanie w kontaktach radiowych i osobistych m. Skierniewice oraz wojew\u00f3dztwa \u0142\u00f3dzkiego.<br>Wymiana kart QSL.<br>Wymiana do\u015bwiadcze\u0144 i informacji w pracy na pasmach amatorskich i pozosta\u0142ych cz\u0119stotliwo\u015bciach og\u00f3lnodost\u0119pnych.<br>Klub realizuje swoje cele przez:<br>a) Zrzeszenie os\u00f3b fizycznych zainteresowanych prac\u0105 na pasmach radiowych.<br>b) Organizacj\u0119 i prowadzenie szkole\u0144, wyk\u0142ad\u00f3w, okoliczno\u015bciowych imprez z zakresu pracy i tematyki radiowej.<br>c) Reprezentowanie i obron\u0119 interes\u00f3w cz\u0142onk\u00f3w Klubu wobec w\u0142adz i innych organizacji.<br>d) Wsp\u00f3\u0142prac\u0119 z klubami, organizacjami i stowarzyszeniami krajowymi i zagranicznymi o podobnych celach i zainteresowaniach.<br>e) Instalowanie i obs\u0142ug\u0119 amatorskich urz\u0105dze\u0144 radiowych.<br>f) Wsp\u00f3\u0142dzia\u0142anie z organizacjami administracji Lokalnej i Pa\u0144stwowej w zakresie szkolenia i promocji kr\u00f3tkofalarstwa<br>g) Inne formy aktywno\u015bci zaproponowane przez Cz\u0142onk\u00f3w Klubu i zaaprobowane przez Zarz\u0105d Klubu<br>\u00a7 3 Struktura Klubu SP7PBC<br>Klub zrzesza cz\u0142onk\u00f3w: Zwyczajnych, Wspieraj\u0105cych, Honorowych,<br>Cz\u0142owiek Zwyczajny: osoba wyra\u017caj\u0105ca ch\u0119\u0107 przyst\u0105pienia do Klubu zaakceptowana przez Zarz\u0105d Klubu;<br>spo\u015br\u00f3d cz\u0142onk\u00f3w zwyczajnych posiadaj\u0105cych \u015awiadectwo Operatora Urz\u0105dze\u0144 Radiowych w S\u0142u\u017cbie Radiokomunikacyjnej Amatorskiej Zarz\u0105d Klubu powo\u0142uje Operator\u00f3w upowa\u017cnionych do samodzielnej pracy<br>spod znaku klubowego.<br>Cz\u0142onek Wspieraj\u0105cy: osoba fizyczna lub prawna wyra\u017caj\u0105ca ch\u0119\u0107 wspierania dzia\u0142alno\u015bci Klubu.<br>Cz\u0142onek Honorowy: osoba zas\u0142u\u017cona dla dzia\u0142alno\u015bci i rozwoju Klubu.<br>\u00a7 4 Cz\u0142onek Klubu ma prawo<br>Uczestniczy\u0107 w spotkaniach wszystkich przedsi\u0119wzi\u0119ciach organizowanych przez Klub.<br>Korzysta\u0107 z dorobku wsp\u00f3lnego, z urz\u0105dze\u0144 znajduj\u0105cych si\u0119 na wyposa\u017ceniu Klubu<br>Uzyskiwa\u0107 informacj\u0119 i wiedz\u0119 operatorsk\u0105 i techniczn\u0105 od innych cz\u0142onk\u00f3w Klubu, oraz dzieli\u0107 si\u0119 tak\u0105 wiedz\u0105 z innymi.<br>Zg\u0142asza\u0107 i realizowa\u0107 wszelkie inicjatywy maj\u0105ce zwi\u0105zek z dzia\u0142alno\u015bci\u0105 Klubu.<br>\u00a7 5 Maj\u0105tek Klubu<br>Maj\u0105tek Klubu mog\u0105 stanowi\u0107 \u015brodki trwa\u0142e przekazane przez Cz\u0142onk\u00f3w Klubu oraz Darczy\u0144c\u00f3w na podstawie umowy darowizny.<br>Maj\u0105tek Klubu mo\u017ce s\u0142u\u017cy\u0107 jedynie do realizacji cel\u00f3w regulaminowych.<br>Maj\u0105tek Klubu mo\u017ce by\u0107 dysponowany decyzj\u0105 Zarz\u0105d Klubu.<br>Maj\u0105tek Klubu stanowi w\u0142asno\u015b\u0107 cz\u0142onk\u00f3w zwyczajnych Klubu i w przypadku rozwi\u0105zania Klubu podzielony zostanie po r\u00f3wno na ka\u017cdego cz\u0142onka zwyczajnego Klubu bez wzgl\u0119du na okres przynale\u017cno\u015bci czy te\u017c<br>pe\u0142nion\u0105 funkcj\u0119.<br>Nie stanowi\u0105 maj\u0105tku Klubu nieruchomo\u015bci lub ruchomo\u015bci b\u0119d\u0105ce w\u0142asno\u015bci\u0105 cz\u0142onk\u00f3w Klubu lub os\u00f3b trzecich u\u017cyczone czasowo na potrzeby dzia\u0142alno\u015bci Klubu.<br>\u00a7 6 Praca radiostacji klubowej<br>Pracuj\u0105c na radiostacji klubowej u\u017cywa si\u0119 znaku wywo\u0142awczego SP7PBC lub przyznanego okresowo innego okoliczno\u015bciowego znaku wywo\u0142awczego.<br>Na radiostacji klubowej mog\u0105 pracowa\u0107<br>Samodzielnie:<br>Operatorzy odpowiedzialni radiostacji klubowej<br>pe\u0142noletni cz\u0142onkowie Klubu posiadaj\u0105cy pozwolenie radiowe<br>W obecno\u015bci i pod nadzorem Operatora Odpowiedzialnego:<br>pozostali cz\u0142onkowie Klubu<br>wszyscy ch\u0119tni, uprzednio przeszkoleni w zakresie prowadzenia amatorskiej \u0142\u0105czno\u015bci radiowej.<br>\u00a7 7 Przypadki szczeg\u00f3lne, skre\u015blenie z listy cz\u0142onk\u00f3w<br>Cz\u0142onek Klubu zostanie skre\u015blony z listy cz\u0142onk\u00f3w w przypadku:<br>Rozpowszechniania tre\u015bci szkodz\u0105cych wizerunkowi Klubu lub jego cz\u0142onk\u00f3w.<br>Naruszenia og\u00f3lnie przyj\u0119tych zasad dobrego wsp\u00f3\u0142\u017cycia.<br>Nieetycznego zachowania na pasmach<br>Rezygnacji z cz\u0142onkostwa w Klubie z\u0142o\u017conego na pi\u015bmie lub drog\u0105 elektroniczn\u0105.<br>Decyzj\u0119 o skre\u015bleniu z listy podejmuje Zarz\u0105d Klubu w trybie uchwa\u0142y<\/p>\n","protected":false},"excerpt":{"rendered":"<p>\u00a7 1 Postanowienia og\u00f3lneNazwa klubu: Skierniewicki Klub Kr\u00f3tkofalowc\u00f3w SP7PBC.Znak wywo\u0142awczy: SP7PBC.Klub dzia\u0142a w ramach i oparciu o statut Polskiego Zwi\u0105zku Kr\u00f3tkofalowc\u00f3w.Siedzib\u0105 Klubu jest siedziba 24 Oddzia\u0142u Terenowego Polskiego Zwi\u0105zku Kr\u00f3tkofalowc\u00f3w znajduj\u0105c\u0105 si\u0119 w Skierniewicach przy ul. K.P. Tetmajera 5\/47.Klub jest &hellip; <a href=\"https:\/\/sp7pbc.pzk.pl\/?page_id=361\">Czytaj dalej <span class=\"meta-nav\">&rarr;<\/span><\/a><\/p>\n","protected":false},"author":1,"featured_media":0,"parent":0,"menu_order":0,"comment_status":"closed","ping_status":"closed","template":"","meta":[],"_links":{"self":[{"href":"https:\/\/sp7pbc.pzk.pl\/index.php?rest_route=\/wp\/v2\/pages\/361"}],"collection":[{"href":"https:\/\/sp7pbc.pzk.pl\/index.php?rest_route=\/wp\/v2\/pages"}],"about":[{"href":"https:\/\/sp7pbc.pzk.pl\/index.php?rest_route=\/wp\/v2\/types\/page"}],"author":[{"embeddable":true,"href":"https:\/\/sp7pbc.pzk.pl\/index.php?rest_route=\/wp\/v2\/users\/1"}],"replies":[{"embeddable":true,"href":"https:\/\/sp7pbc.pzk.pl\/index.php?rest_route=%2Fwp%2Fv2%2Fcomments&post=361"}],"version-history":[{"count":3,"href":"https:\/\/sp7pbc.pzk.pl\/index.php?rest_route=\/wp\/v2\/pages\/361\/revisions"}],"predecessor-version":[{"id":366,"href":"https:\/\/sp7pbc.pzk.pl\/index.php?rest_route=\/wp\/v2\/pages\/361\/revisions\/366"}],"wp:attachment":[{"href":"https:\/\/sp7pbc.pzk.pl\/index.php?rest_route=%2Fwp%2Fv2%2Fmedia&parent=361"}],"curies":[{"name":"wp","href":"https:\/\/api.w.org\/{rel}","templated":true}]}}