{"id":392,"date":"2025-02-07T09:06:52","date_gmt":"2025-02-07T08:06:52","guid":{"rendered":"https:\/\/sp7pbc.pzk.pl\/?page_id=392"},"modified":"2025-02-07T09:07:51","modified_gmt":"2025-02-07T08:07:51","slug":"pasma-cb","status":"publish","type":"page","link":"https:\/\/sp7pbc.pzk.pl\/?page_id=392","title":{"rendered":"Pasma CB"},"content":{"rendered":"\n<p><strong>Od czego zacz\u0105\u0107 zabaw\u0119 w DX ?<\/strong><\/p>\n\n\n\n<p>U\u017cytkownicy pasma CB z czasem zauwa\u017caj\u0105 \u017ce pr\u00f3cz stacji polsko-j\u0119zycznych<br>zaczynaj\u0105 s\u0142ysze\u0107 r\u00f3wnie\u017c zagraniczne. Jedni si\u0119 irytuj\u0105,<br>inni wy\u0142\u0105czaj\u0105 radio, ale jest r\u00f3wnie\u017c grupa zainteresowana przyczynami tego<br>zjawiska. Dowiaduj\u0105 si\u0119 \u017ce na 27mhz mo\u017cna przeprowadzac \u0142\u0105czno\u015bci<br>nie tylko z koleg\u0105 o kilka kilometr\u00f3w, ale r\u00f3wnie\u017c te dalekie, z innymi krajami. Odkrywaj\u0105 zjawisko PROPAGACJI<br>Dalekie \u0142\u0105czno\u015bci w pa\u015bmie CB najcz\u0119\u015bciej kojarz\u0105 sie<br>z \u0142amaniem prawa, a przecie\u017c DX nie zawsze sa nielegalne.<br>Prawo nie zabrania \u0142\u0105czno\u015bci z zagranic\u0105, dlatego nic nie przeszkadza<br>spr\u00f3bowa\u0107 wywo\u0142a\u0107 s\u0142yszanego W\u0142ocha, Niemca czy Francuza&#8230;<br>o ile wywo\u0142amy go w zakresie 26.960-27.410mhz<br>Wiele monitor\u00f3w wywo\u0142awczych klub\u00f3w DX-owych znajduje si\u0119<br>poza przyznanymi w POlsce cz\u0119stotliwo\u015bciami, dlatego prowadzenie na nich<br>QSO jest piractwem radiowym&#8230;<br>Nie jest jednak zabronione prowadzenie nas\u0142uch\u00f3w i przyswajanie procedur,<br>kt\u00f3re potem mo\u017cemy wykorzysta\u0107 w ramach legalnego pasma CB.<br>Dobrym miejscem do takich nas\u0142uch\u00f3w jest cz\u0119stotliwo\u015bc 27.555mhz USB,<br>kt\u00f3r\u0105 to jako sw\u00f3j monitor wywo\u0142awczy obra\u0142 DX-klub Alfa Tango (AT), pierwszy<br>og\u00f3lno\u015bwiatowy klub, za\u0142o\u017cony we W\u0142oszech w 1978r.<br>To najbardziej oblegana cz\u0119stotliwo\u015b\u0107, wi\u0119c szansa na us\u0142yszenie ciekawego dywizjonu jest tu najw\u0119ksza.<br>Najbardziej znan\u0105 polsk\u0105 grup\u0105 DX-ow\u0105 jest Echo Echo (EE) z monitorem na cz\u0119stotliwo\u015bci 26.425mhz USB. Us\u0142ysze\u0107 tu mo\u017cna Polonus\u00f3w oraz kierowc\u00f3w podr\u00f3\u017cuj\u0105cych po Europie, a tak\u017ce zagraniczne stacje polsko-j\u0119zyczne. Warto doda\u0107 i\u017c na tej cz\u0119stotliwo\u015bci rozmowy prowadzone s\u0105 w j\u0119zyku polskim<br>Innymi miejscami, na kt\u00f3rych naj\u0142atwiej us\u0142ysze\u0107 DX s\u0105 cz\u0119stotliwo\u015bci:<br>27.455 USB- monitor mi\u0119dzynarodowy<br>27.315 FM &#8211; monitor FM, na kt\u00f3rym pracuj\u0105 g\u0142\u00f3wnie stacje niemieckie (i tu wolno nam legalnie wywo\u0142ywa\u0107)<br>Ostatnimi czasy powsta\u0142o kilka polskich grup zrzeszaj\u0105cych radiowc\u00f3w z r\u00f3\u017cnych region\u00f3w kraju, dla kt\u00f3rych radio CB to co\u015b wi\u0119cej ni\u017c tylko informator drogowy. Najbardziej znane to:<\/p>\n\n\n\n<p>Black Dragon (BG) 27.370 AM\/FM\/SSB<br>Golf Tango Whiskey (GTW) 26.980 AM<br>Romeo Delta Charlie (RDC) 27.020 AM<\/p>\n\n\n\n<p>Grupy te popularyzuja wszelkiego rodzaju \u0142\u0105czno\u015bci CB, wielu ich cz\u0142onk\u00f3w preferuje aktywno\u015bci DX.<br>Mimo i\u017c praca DX w pa\u015bmie CB r\u00f3\u017cni si\u0119 od tego co obowi\u0105zuje w pasmach licenjonowanych, to sam fakt przeprowadzenia \u0142\u0105czno\u015bci daje tak\u0105 sam\u0105 satysfakcj\u0119. Dlatego gor\u0105co polecam spr\u00f3bowanie swych si\u0142.<br>Dla wielu taka forma pracy w pa\u015bmie obywatelskim, to jedynie przystanek w drodze do uzyskania licencji kr\u00f3tkofalarskiej pozwalaj\u0105cej na rozwini\u0119cie swojej pasji, poszerzenia horyzont\u00f3w, zwi\u0119kszenia mozliwo\u015bci&#8230;<\/p>\n\n\n\n<p><strong>\u0141\u0105czno\u015bci DX-owe.<\/strong><\/p>\n\n\n\n<p>Jak wiadomo ca\u0142e pasmo 11 m. podzielone jest na czterdziestokana\u0142owe bandy zwane potocznie &#8222;czterdziestkami&#8221;. Mo\u017cna je przedstawi\u0107 w nast\u0119puj\u0105cy spos\u00f3b:<\/p>\n\n\n\n<p>1. 25,615 &#8211; 26,055 MHz<br>2. 26,065 &#8211; 26,505 MHz (A)<br>3. 26,515 &#8211; 26,955 MHz (B)<br>4. 26,965 &#8211; 27,405 MHz (C)<br>5. 27,415 &#8211; 27,855 MHz (D)<br>6. 27,865 &#8211; 28,305 MHz (E)<\/p>\n\n\n\n<p>Odst\u0119p mi\u0119dzykana\u0142owy wynosi 0,01 MHz. Cz\u0119stotliwo\u015bci podane s\u0105 w tzw. &#8222;pi\u0105tkach&#8221;. \u0141\u0105czno\u015bci DX-owe prowadzi si\u0119 przewa\u017cnie emisj\u0105 SSB. Pami\u0119tajmy, i\u017c w Polsce dopuszczonych do wykorzystania jest 40 kana\u0142\u00f3w cz\u0119stotliwo\u015bci 26,960 &#8211; 27,405 i mo\u017cemy pos\u0142ugiwa\u0107 si\u0119 emisjami AM (4W), FM (4W), SSB (12W).<\/p>\n\n\n\n<p><strong>Zasady prowadzenia \u0142\u0105czno\u015bci<\/strong><\/p>\n\n\n\n<p>&#8222;Wej\u015bcie&#8221; w eter rozpoczynamy od nas\u0142uchu. Praca DX-owa wymaga solidnego przygotowania i treningu, w tym opanowania pewnego minimum wiedzy operatorskiej; prowadzenie takiej \u0142\u0105czno\u015bci, cz\u0119sto utrudnione jest zak\u0142\u00f3ceniami od innych stacji, silnymi szumami i zanikami sygna\u0142\u00f3w naszego korespondenta, zwi\u0105zanymi ze zmianami propagacji.<\/p>\n\n\n\n<p>Musimy opanowa\u0107 technik\u0119 precyzyjnego dostrajania si\u0119 do stacji nadaj\u0105cej (s\u0142u\u017c\u0105 do tego pokr\u0119t\u0142a RIT, CLARIFIER lub DELTA TUNE), os\u0142ucha\u0107 si\u0119 z charakterystycznym brzmieniem emisji jednowst\u0119gowej SSB. Nieco inne wymagania stawia praca emisj\u0105 FM. Najwi\u0119kszym utrudnieniem jest tu dokuczliwy dla ucha szum (mo\u017cemy ograniczy\u0107 go lub nawet wyeliminowa\u0107 pokr\u0119t\u0142em SQUELCH, pami\u0119taj\u0105c jednak, \u017ce za\u0142\u0105czenie blokady szum\u00f3w powoduje pogorszenie czu\u0142o\u015bci odbiornika w naszym transceiverze).<\/p>\n\n\n\n<p>Opr\u00f3cz spraw zwi\u0105zanych z technicznym aspektem prowadzenia \u0142\u0105czno\u015bci oraz znajomo\u015bci j\u0119zyk\u00f3w obcych, niezb\u0119dna jest r\u00f3wnie\u017c znajomo\u015b\u0107 specjalnego slangu radiowego i oczywi\u015bcie geografii.<\/p>\n\n\n\n<p>Przyj\u0119to trzy sposoby rozpocz\u0119cia \u0142\u0105czno\u015bci:<\/p>\n\n\n\n<p><strong>1 &#8211;&nbsp;<\/strong>Wywo\u0142anie og\u00f3lne CQ DX, wywo\u0142anie konkretnego kraju lub nawet konkretnej stacji zagranicznej.<\/p>\n\n\n\n<p><strong>2 &#8211;&nbsp;<\/strong>Odpowied\u017a na wywo\u0142anie stacji zagranicznej. Uwaga! Specjalna procedura obowi\u0105zuje podczas \u0142\u0105czno\u015bci ze stacj\u0105 DX-PEDITION.<\/p>\n\n\n\n<p><strong>3 &#8211;&nbsp;<\/strong>Wywo\u0142anie stacji zagranicznej, kt\u00f3ra zako\u0144czy\u0142a w\u0142a\u015bnie \u0142\u0105czno\u015b\u0107 z inn\u0105 stacj\u0105. Du\u017cym utrudnieniem jest w tym przypadku fakt, i\u017c zazwyczaj s\u0142yszymy tylko jednego z rozm\u00f3wc\u00f3w. Dodajmy, \u017ce na cz\u0119stotliwo\u015bciach DX-owych zazwyczaj si\u0119 nie brekuje.<\/p>\n\n\n\n<p>Znak wywo\u0142awczy powinien by\u0107 kr\u00f3tki, mo\u017ce sk\u0142ada\u0107 si\u0119 np.: z inicja\u0142\u00f3w operatora. Cz\u0142onkowie klub\u00f3w DX pos\u0142uguj\u0105 si\u0119 klubowymi znakami wywo\u0142awczymi<\/p>\n\n\n\n<p><strong>Raporty<\/strong><\/p>\n\n\n\n<p>Raport jest podstawowym elementem ka\u017cdej \u0142\u0105czno\u015bci. Wymiana raport\u00f3w polega na podaniu oceny jako\u015bci i si\u0142y sygna\u0142\u00f3w wg skali RS (Radio Santiago)<\/p>\n\n\n\n<p><strong>R&nbsp;<\/strong>(Radio) &#8211; czytelno\u015b\u0107 (ang. readability)<\/p>\n\n\n\n<p>1 &#8211; nieczytelnie<br>2 &#8211; czytelnie z bardzo du\u017cymi utrudnieniami<br>3 &#8211; czytelnie z trudno\u015bciami<br>4 &#8211; czytelnie z niewielkimi utrudnieniami<br>5 &#8211; w pe\u0142ni czytelnie<\/p>\n\n\n\n<p><strong>S&nbsp;<\/strong>(Santiago) &#8211; si\u0142a sygna\u0142u (ang. signal strength)<\/p>\n\n\n\n<p>1 &#8211; bardzo s\u0142aby, z trudem rozr\u00f3\u017cnialny<br>2 &#8211; bardzo s\u0142aby, ale s\u0142yszalny<br>3 &#8211; s\u0142aby<br>4 &#8211; odbierany<br>5 &#8211; do\u015b\u0107 dobry<br>6 &#8211; dobry<br>7 &#8211; \u015brednio silny<br>8 &#8211; silny<br>9 &#8211; bardzo silny<\/p>\n\n\n\n<p>Pami\u0119tajmy, \u017ce zawsze lepiej jest poda\u0107 prawdziw\u0105 ocen\u0119 sygna\u0142u, bez zawy\u017cania. Nadany raport 3 &#8211; 4 b\u0119dzie dla naszego korespondenta informacj\u0105, \u017ce mamy k\u0142opoty z odbiorem. Prawdopodobnie spr\u00f3buje nam w\u00f3wczas pom\u00f3c, powtarzaj\u0105c kilkakrotnie dane dla nas.<\/p>\n\n\n\n<p><strong>Dziennik \u0142\u0105czno\u015bci<\/strong><\/p>\n\n\n\n<p>Do pracy DX-owej niezb\u0119dne jest przygotowanie dziennika do zapisywania \u0142\u0105czno\u015bci. Mo\u017cna w tym celu zakupi\u0107 dziennik amatorskiej \u0142\u0105czno\u015bci (w Polskim Zwi\u0105zku Kr\u00f3tkofalowc\u00f3w), ale r\u00f3wnie dobrze spe\u0142ni swoje zadanie dziennik przygotowany w\u0142asnor\u0119cznie. Wystarczy zeszyt z przygotowanymi rubrykami, do kt\u00f3rych wpisywa\u0107 b\u0119dziemy numer \u0142\u0105czno\u015bci, godzin\u0119 jej rozpocz\u0119cia, dat\u0119, cz\u0119stotliwo\u015b\u0107, rodzaj modulacji, nadany raport, znak korespondenta, jego adres, informacj\u0119 o wys\u0142aniu i otrzymaniu karty QSL. Przydatna b\u0119dzie r\u00f3wnie\u017c rubryka &#8222;uwagi&#8221;, do kt\u00f3rej wpiszemy wszystkie dodatkowe informacje: progressive number (je\u017celi pracujemy z ekspedycj\u0105), adres QSL managera (gdy nasz korespondent prosi o karty za jego po\u015brednictwem) itp.<\/p>\n\n\n\n<p>Wpisuj\u0105c do dziennika godzin\u0119 rozpocz\u0119cia \u0142\u0105czno\u015bci (ale r\u00f3wnie\u017c wype\u0142niaj\u0105c karty QSL czy planuj\u0105c udzia\u0142 w zawodach) musimy zwr\u00f3ci\u0107 uwag\u0119 na r\u00f3\u017cnic\u0119 czasu wyst\u0119puj\u0105c\u0105 w r\u00f3\u017cnych krajach w zale\u017cno\u015bci od po\u0142o\u017cenia geograficznego. Aby unikn\u0105\u0107 nieporozumie\u0144 pos\u0142ugujemy si\u0119 czasem uniwersalnym (GMT &#8211; Greenwich Mean Time, Zero Time lub Universal Time). Jest to czas okre\u015blony dla po\u0142udnika 0, kt\u00f3ry przechodzi przez londy\u0144skie przedmie\u015bcie Greenwich.<\/p>\n\n\n\n<p><strong>Karty QSL<\/strong><\/p>\n\n\n\n<p>Karty QSL to nie tylko mi\u0142e pami\u0105tki przeprowadzonych \u0142\u0105czno\u015bci, ale r\u00f3wnie\u017c autentyczne dowody ich nawi\u0105zania. Posiadanie potwierdze\u0144 \u0142\u0105czno\u015bci w postaci kart QSL jest warunkiem niezb\u0119dnym przy ubieganiu si\u0119 o cz\u0142onkostwo w wielu mi\u0119dzynarodowych klubach CB DX. Cz\u0142onkowie takich klub\u00f3w pos\u0142uguj\u0105 si\u0119 z regu\u0142y kartami klubowymi, kt\u00f3re informuj\u0105 o cz\u0142onkostwie i spe\u0142nieniu &#8211; najcz\u0119\u015bciej wcale nie \u0142atwych &#8211; warunk\u00f3w przyj\u0119cia do klubu. Zanim i my uzyskamy prawo do u\u017cywania takich &#8222;presti\u017cowych&#8221; kart, musimy przygotowa\u0107 sobie w\u0142asne QSL-ki.<\/p>\n\n\n\n<p>Karta QSL jest wizyt\u00f3wk\u0105 stacji, stanowi informacj\u0119 o operatorze, warto wi\u0119c postara\u0107 si\u0119 by nasze karty by\u0142y estetyczne i \u0142adnie wykonane. Nie ma w\u0142a\u015bciwie \u017cadnych ogranicze\u0144 dotycz\u0105cych wygl\u0105du karty QSL (mo\u017ce jedynie wymiary zbli\u017cone do wymiar\u00f3w typowej koperty, je\u017celi chcemy unikn\u0105\u0107 k\u0142opot\u00f3w przy wysy\u0142ce). Karta mo\u017ce by\u0107 jedno lub dwustronna, pojedyncza lub sk\u0142adana. Zawsze musz\u0105 znajdowa\u0107 si\u0119 na niej nast\u0119puj\u0105ce dane: znak naszej stacji i nasze imi\u0119, znak korespondenta, data \u0142\u0105czno\u015bci i godzina jej rozpocz\u0119cia, cz\u0119stotliwo\u015b\u0107, rodzaj modulacji, nadany raport, informacje o u\u017cywanym sprz\u0119cie, a tak\u017ce dodatkowe dane (np. progressive number, je\u015bli karta potwierdza prac\u0119 z ekspedycj\u0105).<\/p>\n\n\n\n<p>Najcz\u0119\u015bciej spotyka si\u0119 karty dwustronne o rozmiarach kartki pocztowej. Na jednej stronie takiej QSL-ki znajduj\u0105 si\u0119 dane dla korespondenta, a na drugiej &#8230; Tu panuje zupe\u0142na dowolno\u015b\u0107. Mo\u017ce to by\u0107 nasza fotografia, widok\u00f3wka z miejscowo\u015bci, w kt\u00f3rej mieszkamy (lub z kt\u00f3rej pracujemy), dowcipny rysunek czy tylko znak naszej stacji, efektownie opracowany graficznie. Mo\u017cemy wykorzysta\u0107 gotowe widok\u00f3wki, papier fotograficzny lub zam\u00f3wi\u0107 karty w drukarni.<\/p>\n\n\n\n<p>Pami\u0119tajmy, \u017ce wysy\u0142anie karty QSL jest obowi\u0105zkiem operatora. Ci, kt\u00f3rzy nie wywi\u0105zuj\u0105 si\u0119 z tego obowi\u0105zku, trafi\u0105 na tak zwane &#8222;czarne listy&#8221; publikowane przez kluby DX-owe.<strong><\/strong><\/p>\n\n\n\n<p>\u017ar\u00f3d\u0142o:<\/p>\n\n\n\n<p>cbradio.pl.<\/p>\n\n\n\n<p>sq5obu.com<\/p>\n","protected":false},"excerpt":{"rendered":"<p>Od czego zacz\u0105\u0107 zabaw\u0119 w DX ? U\u017cytkownicy pasma CB z czasem zauwa\u017caj\u0105 \u017ce pr\u00f3cz stacji polsko-j\u0119zycznychzaczynaj\u0105 s\u0142ysze\u0107 r\u00f3wnie\u017c zagraniczne. Jedni si\u0119 irytuj\u0105,inni wy\u0142\u0105czaj\u0105 radio, ale jest r\u00f3wnie\u017c grupa zainteresowana przyczynami tegozjawiska. Dowiaduj\u0105 si\u0119 \u017ce na 27mhz mo\u017cna przeprowadzac \u0142\u0105czno\u015bcinie &hellip; <a href=\"https:\/\/sp7pbc.pzk.pl\/?page_id=392\">Czytaj dalej <span class=\"meta-nav\">&rarr;<\/span><\/a><\/p>\n","protected":false},"author":1,"featured_media":0,"parent":0,"menu_order":0,"comment_status":"closed","ping_status":"closed","template":"","meta":[],"_links":{"self":[{"href":"https:\/\/sp7pbc.pzk.pl\/index.php?rest_route=\/wp\/v2\/pages\/392"}],"collection":[{"href":"https:\/\/sp7pbc.pzk.pl\/index.php?rest_route=\/wp\/v2\/pages"}],"about":[{"href":"https:\/\/sp7pbc.pzk.pl\/index.php?rest_route=\/wp\/v2\/types\/page"}],"author":[{"embeddable":true,"href":"https:\/\/sp7pbc.pzk.pl\/index.php?rest_route=\/wp\/v2\/users\/1"}],"replies":[{"embeddable":true,"href":"https:\/\/sp7pbc.pzk.pl\/index.php?rest_route=%2Fwp%2Fv2%2Fcomments&post=392"}],"version-history":[{"count":2,"href":"https:\/\/sp7pbc.pzk.pl\/index.php?rest_route=\/wp\/v2\/pages\/392\/revisions"}],"predecessor-version":[{"id":396,"href":"https:\/\/sp7pbc.pzk.pl\/index.php?rest_route=\/wp\/v2\/pages\/392\/revisions\/396"}],"wp:attachment":[{"href":"https:\/\/sp7pbc.pzk.pl\/index.php?rest_route=%2Fwp%2Fv2%2Fmedia&parent=392"}],"curies":[{"name":"wp","href":"https:\/\/api.w.org\/{rel}","templated":true}]}}