{"id":410,"date":"2025-11-27T20:40:30","date_gmt":"2025-11-27T19:40:30","guid":{"rendered":"https:\/\/sp7pbc.pzk.pl\/?page_id=410"},"modified":"2025-11-27T20:40:30","modified_gmt":"2025-11-27T19:40:30","slug":"lacznosc-kryzysowa","status":"publish","type":"page","link":"https:\/\/sp7pbc.pzk.pl\/?page_id=410","title":{"rendered":"\u0141\u0105czno\u015b\u0107 Kryzysowa"},"content":{"rendered":"","protected":false},"excerpt":{"rendered":"","protected":false},"author":1,"featured_media":0,"parent":0,"menu_order":0,"comment_status":"closed","ping_status":"closed","template":"","meta":[],"_links":{"self":[{"href":"https:\/\/sp7pbc.pzk.pl\/index.php?rest_route=\/wp\/v2\/pages\/410"}],"collection":[{"href":"https:\/\/sp7pbc.pzk.pl\/index.php?rest_route=\/wp\/v2\/pages"}],"about":[{"href":"https:\/\/sp7pbc.pzk.pl\/index.php?rest_route=\/wp\/v2\/types\/page"}],"author":[{"embeddable":true,"href":"https:\/\/sp7pbc.pzk.pl\/index.php?rest_route=\/wp\/v2\/users\/1"}],"replies":[{"embeddable":true,"href":"https:\/\/sp7pbc.pzk.pl\/index.php?rest_route=%2Fwp%2Fv2%2Fcomments&post=410"}],"version-history":[{"count":2,"href":"https:\/\/sp7pbc.pzk.pl\/index.php?rest_route=\/wp\/v2\/pages\/410\/revisions"}],"predecessor-version":[{"id":414,"href":"https:\/\/sp7pbc.pzk.pl\/index.php?rest_route=\/wp\/v2\/pages\/410\/revisions\/414"}],"wp:attachment":[{"href":"https:\/\/sp7pbc.pzk.pl\/index.php?rest_route=%2Fwp%2Fv2%2Fmedia&parent=410"}],"curies":[{"name":"wp","href":"https:\/\/api.w.org\/{rel}","templated":true}]}}